{"id":122,"date":"2017-01-19T16:34:00","date_gmt":"2017-01-19T16:34:00","guid":{"rendered":"http:\/\/dorfkind-bbq.de\/dorfkind\/?page_id=122"},"modified":"2017-01-19T16:34:00","modified_gmt":"2017-01-19T16:34:00","slug":"ueber-dk-bbq","status":"publish","type":"page","link":"https:\/\/www.dorfkind-bbq.de\/dorfkind\/ueber-dk-bbq\/","title":{"rendered":"\u00dcber DK BBQ"},"content":{"rendered":"<p><span style=\"color: #000000;\"><strong>Was ist Dorfkind BBQ?<br \/>\n<\/strong><\/span>Dorfkind BBQ ist ein\u00a0Seite um Rezepte, Ideen, Grillger\u00e4te, Zubeh\u00f6r, etc.\u00a0vorzustellen.\u00a0Einfach alles\u00a0rund um das Thema Essen und was eben so dazugeh\u00f6rt.<br \/>\nEs wird mehr oder weniger detaillierte Rezepte geben, denn\u00a0mein &#8222;Rezeptbuch&#8220;\u00a0soll\u00a0haupts\u00e4chlich dazu dienen Anregungen zu geben. Also nicht wundern wenn jede Zutat bis auf das Gramm angegeben ist.\u00a0Denn ich bin der Meinung, dass ein Rezept nur ein Vorschlag \/ Anregung\u00a0ist und man es zu &#8222;seinem&#8220; Rezept machen sollte, so wie es einem pers\u00f6nlich am besten schmeckt.<br \/>\nNeben dem Hauptthema BBQ (Grillen) geht es auch um Kochen und Backen. Ebenso werde ich mein Grillger\u00e4te und Zubeh\u00f6r hier vorstellen.<br \/>\nNeben dieser Seite gibt es Dorfkind BBQ auch auf <a href=\"https:\/\/www.facebook.com\/dorfkindbbq\">Facebook<\/a> und <a href=\"https:\/\/www.instagram.com\/dorfkindbbq\/\">Instagram<\/a>. Auf Facebook werden immer wieder Beitr\u00e4ge dieser Seite vorgestellt. Zus\u00e4tzlich wird Facebook mehr als ein Blog gesehen. Dort wird es h\u00e4ufiger Kurzbeitr\u00e4ge geben, Berichte von Veranstaltungen, etc..<\/p>\n<hr \/>\n<p><strong>Wie ist Dorfkind BBQ entstanden?<br \/>\n<\/strong>Im Jahr 2010 habe ich durch meine\u00a0Frau\u00a0das Kochen f\u00fcr mich entdeckt. Bis dahin wusste ich zwar was richtig gut schmeckt, aber\u00a0nicht wirklich wie man\u00a0aus rohem Fleisch, Gem\u00fcse, Gew\u00fcrzen,\u00a0etc. richtig leckeres Essen zaubern kann.<br \/>\nIm\u00a0Jahr 2011 habe ich mir dann meinen ersten Grill angeschafft, ein Weber Kugelgrill &#8222;Johann Lafer Edition&#8220;. Es ist nicht viel Zeit vergangen, dann war ich mit dem ersten Zubeh\u00f6r eingedeckt und\u00a0das erste 3-G\u00e4nge\u00a0Men\u00fc vom Grill lies auch nicht lange auf sich warten.<br \/>\nIn dieser Zeit habe ich damit begonnen gelegentlich etwas auf Facebook zu zeigen, dies wurde dann in den letzten 1-2 Jahren (2015\/2016)\u00a0immer mehr. Da ich nicht alle meine Kontakte auf Facebook mit meinem Hobby &#8222;bel\u00e4stigen&#8220; m\u00f6chte und ich den Gedanken einen eigenen Blog\/Rezeptbuch oder eine Facebook Seite zu erstellen schon l\u00e4nger mit mir herumtrage, mach ich es jetzt einfach. Dorfkind BBQ startete am 01.03.2017.<\/p>\n<hr \/>\n<p><strong>Warum &#8222;Dorfkind&#8220;?<br \/>\n<\/strong>F\u00fcr solch einen Blog gibt es nat\u00fcrlich viele &#8222;coole&#8220; M\u00f6glichkeiten f\u00fcr einen Namen. Aber letztlich habe ich mich dazu entschieden einen Namen zu finden, der ich bin &gt;&gt;ein Dorfkind&lt;&lt;. Aufgewachsen in einem kleinen Dorf mit ca.\u00a0600 Einwohnern und ich m\u00f6chte keinen Moment meiner Zeit\u00a0&#8222;im Dorf&#8220;\u00a0vermissen &#8211;\u00a0Dorfleben ist einfach mein Leben. Ich hoffe auch fr\u00fcher oder sp\u00e4ter wieder zur\u00fcck in mein Dorf ziehen zu k\u00f6nnen.<strong><br \/>\n<\/strong><\/p>\n<hr \/>\n<p><strong>Wer ist Dorfkind BBQ?<br \/>\n<\/strong>Ich\u00a0 bin Simon Gienger, gl\u00fccklich verheiratet und habe zwei Kinder. Geboren bin ich am 20.09.1982 in T\u00fcbingen, derzeit wohne ich in N\u00fcrtingen-Neckarhausen. Beruflich mache ich etwas h\u00f6chst unanst\u00e4ndiges &#8211; IT (dieses &#8222;Computer Zeug&#8220;).<br \/>\nNeben diesem Hobby hier bin ich noch bei der Freiwilligen Feuerwehr, fotografiere gerne und habe eine kleine Werkstatt und ein paar Autos (Old- und Youngtimer). An erster Stelle steht aber ganz klar die Familie.<\/p>\n","protected":false},"excerpt":{"rendered":"<p>Was ist Dorfkind BBQ? Dorfkind BBQ ist ein\u00a0Seite um Rezepte, Ideen, Grillger\u00e4te, Zubeh\u00f6r, etc.\u00a0vorzustellen.\u00a0Einfach alles\u00a0rund um das Thema Essen und was eben so dazugeh\u00f6rt. Es wird mehr oder weniger detaillierte Rezepte geben, denn\u00a0mein &#8222;Rezeptbuch&#8220;\u00a0soll\u00a0haupts\u00e4chlich dazu dienen Anregungen zu geben. Also nicht wundern wenn jede Zutat&nbsp;<a class=\"read-more\" href=\"https:\/\/www.dorfkind-bbq.de\/dorfkind\/ueber-dk-bbq\/\">&hellip;<\/a><\/p>\n","protected":false},"author":1,"featured_media":0,"parent":0,"menu_order":0,"comment_status":"closed","ping_status":"closed","template":"","meta":{"footnotes":""},"class_list":["post-122","page","type-page","status-publish","hentry"],"_links":{"self":[{"href":"https:\/\/www.dorfkind-bbq.de\/dorfkind\/wp-json\/wp\/v2\/pages\/122","targetHints":{"allow":["GET"]}}],"collection":[{"href":"https:\/\/www.dorfkind-bbq.de\/dorfkind\/wp-json\/wp\/v2\/pages"}],"about":[{"href":"https:\/\/www.dorfkind-bbq.de\/dorfkind\/wp-json\/wp\/v2\/types\/page"}],"author":[{"embeddable":true,"href":"https:\/\/www.dorfkind-bbq.de\/dorfkind\/wp-json\/wp\/v2\/users\/1"}],"replies":[{"embeddable":true,"href":"https:\/\/www.dorfkind-bbq.de\/dorfkind\/wp-json\/wp\/v2\/comments?post=122"}],"version-history":[{"count":0,"href":"https:\/\/www.dorfkind-bbq.de\/dorfkind\/wp-json\/wp\/v2\/pages\/122\/revisions"}],"wp:attachment":[{"href":"https:\/\/www.dorfkind-bbq.de\/dorfkind\/wp-json\/wp\/v2\/media?parent=122"}],"curies":[{"name":"wp","href":"https:\/\/api.w.org\/{rel}","templated":true}]}}